{"id":536,"date":"2024-09-25T10:39:08","date_gmt":"2024-09-25T10:39:08","guid":{"rendered":"https:\/\/grupmorales.com\/2024\/grup-morales\/"},"modified":"2024-10-02T10:30:22","modified_gmt":"2024-10-02T10:30:22","slug":"grup-morales","status":"publish","type":"page","link":"https:\/\/grupmorales.com\/es\/grup-morales\/","title":{"rendered":"Grup Morales"},"content":{"rendered":"<h2>Con m\u00e1s de 50 a\u00f1os de experiencia en el sector de la construcci\u00f3n y promoci\u00f3n inmobiliaria, en Grup Morales nos enorgullece ser una empresa de referencia en el Barcelon\u00e9s, el Maresme y el Vall\u00e9s Oriental. Nuestra misi\u00f3n es clara: ofrecer promociones inmobiliarias que combinan calidad, confort y excelencia.<\/h2>\n<p>En <strong>Grup Morales<\/strong>, nunca renunciamos a lo que consideramos promociones de calidad. Nuestra experiencia nos permite entender las necesidades de nuestros clientes y, por ello, te garantizamos un trato personalizado y profesional. Sabemos cu\u00e1l es la casa que buscas y trabajamos para ofrecerte la calidad que te mereces.<\/p>\n<p>Nuestra s\u00f3lida y reconocida trayectoria nos ha hecho ganar la confianza de nuestros clientes, y estamos convencidos de que nuestros proyectos son los m\u00e1s atractivos del mercado. Te invitamos a explorar nuestra web, donde podr\u00e1s descubrir nuestras torres, pisos, oficinas y naves industriales.<\/p>\n<p>Afrontamos los retos del futuro con una perspectiva innovadora, y estamos comprometidos con una nueva manera de construir, vivir y convivir. Nuestra visi\u00f3n se fundamenta en proporcionar una calidad de vida sostenible y adaptada a las necesidades del mundo actual.<\/p>\n<h2>Conf\u00eda en Grup Morales para hacer realidad tu nuevo hogar o proyecto. Tu futuro es nuestra prioridad.<\/h2>\n","protected":false},"excerpt":{"rendered":"<p>Con m\u00e1s de 50 a\u00f1os de experiencia en el sector de la construcci\u00f3n y promoci\u00f3n inmobiliaria, en Grup Morales nos enorgullece ser una empresa de referencia en el Barcelon\u00e9s, el Maresme y el Vall\u00e9s Oriental. Nuestra misi\u00f3n es clara: ofrecer promociones inmobiliarias que combinan calidad, confort y excelencia. En Grup Morales, nunca renunciamos a lo [&hellip;]<\/p>\n","protected":false},"author":1,"featured_media":0,"parent":0,"menu_order":0,"comment_status":"closed","ping_status":"closed","template":"page-empresa.php","meta":{"_acf_changed":false,"footnotes":""},"class_list":["post-536","page","type-page","status-publish","hentry"],"acf":[],"yoast_head":"<!-- This site is optimized with the Yoast SEO plugin v23.7 - https:\/\/yoast.com\/wordpress\/plugins\/seo\/ -->\n<title>Grup Morales - Grup Morales<\/title>\n<meta name=\"robots\" content=\"index, follow, max-snippet:-1, max-image-preview:large, max-video-preview:-1\" \/>\n<link rel=\"canonical\" href=\"https:\/\/grupmorales.com\/es\/grup-morales\/\" \/>\n<meta property=\"og:locale\" content=\"es_ES\" \/>\n<meta property=\"og:type\" content=\"article\" \/>\n<meta property=\"og:title\" content=\"Grup Morales - Grup Morales\" \/>\n<meta property=\"og:description\" content=\"Con m\u00e1s de 50 a\u00f1os de experiencia en el sector de la construcci\u00f3n y promoci\u00f3n inmobiliaria, en Grup Morales nos enorgullece ser una empresa de referencia en el Barcelon\u00e9s, el Maresme y el Vall\u00e9s Oriental. Nuestra misi\u00f3n es clara: ofrecer promociones inmobiliarias que combinan calidad, confort y excelencia. En Grup Morales, nunca renunciamos a lo [&hellip;]\" \/>\n<meta property=\"og:url\" content=\"https:\/\/grupmorales.com\/es\/grup-morales\/\" \/>\n<meta property=\"og:site_name\" content=\"Grup Morales\" \/>\n<meta property=\"article:modified_time\" content=\"2024-10-02T10:30:22+00:00\" \/>\n<meta name=\"twitter:card\" content=\"summary_large_image\" \/>\n<meta name=\"twitter:label1\" content=\"Tiempo de lectura\" \/>\n\t<meta name=\"twitter:data1\" content=\"2 minutos\" \/>\n<script type=\"application\/ld+json\" class=\"yoast-schema-graph\">{\"@context\":\"https:\/\/schema.org\",\"@graph\":[{\"@type\":\"WebPage\",\"@id\":\"https:\/\/grupmorales.com\/es\/grup-morales\/\",\"url\":\"https:\/\/grupmorales.com\/es\/grup-morales\/\",\"name\":\"Grup Morales - Grup Morales\",\"isPartOf\":{\"@id\":\"https:\/\/grupmorales.com\/#website\"},\"datePublished\":\"2024-09-25T10:39:08+00:00\",\"dateModified\":\"2024-10-02T10:30:22+00:00\",\"breadcrumb\":{\"@id\":\"https:\/\/grupmorales.com\/es\/grup-morales\/#breadcrumb\"},\"inLanguage\":\"es\",\"potentialAction\":[{\"@type\":\"ReadAction\",\"target\":[\"https:\/\/grupmorales.com\/es\/grup-morales\/\"]}]},{\"@type\":\"BreadcrumbList\",\"@id\":\"https:\/\/grupmorales.com\/es\/grup-morales\/#breadcrumb\",\"itemListElement\":[{\"@type\":\"ListItem\",\"position\":1,\"name\":\"Inici\",\"item\":\"https:\/\/grupmorales.com\/es\/\"},{\"@type\":\"ListItem\",\"position\":2,\"name\":\"Grup Morales\"}]},{\"@type\":\"WebSite\",\"@id\":\"https:\/\/grupmorales.com\/#website\",\"url\":\"https:\/\/grupmorales.com\/\",\"name\":\"Grup Morales\",\"description\":\"Especialistes en transports d&#039;aigua\",\"potentialAction\":[{\"@type\":\"SearchAction\",\"target\":{\"@type\":\"EntryPoint\",\"urlTemplate\":\"https:\/\/grupmorales.com\/?s={search_term_string}\"},\"query-input\":{\"@type\":\"PropertyValueSpecification\",\"valueRequired\":true,\"valueName\":\"search_term_string\"}}],\"inLanguage\":\"es\"}]}<\/script>\n<!-- \/ Yoast SEO plugin. -->","yoast_head_json":{"title":"Grup Morales - Grup Morales","robots":{"index":"index","follow":"follow","max-snippet":"max-snippet:-1","max-image-preview":"max-image-preview:large","max-video-preview":"max-video-preview:-1"},"canonical":"https:\/\/grupmorales.com\/es\/grup-morales\/","og_locale":"es_ES","og_type":"article","og_title":"Grup Morales - Grup Morales","og_description":"Con m\u00e1s de 50 a\u00f1os de experiencia en el sector de la construcci\u00f3n y promoci\u00f3n inmobiliaria, en Grup Morales nos enorgullece ser una empresa de referencia en el Barcelon\u00e9s, el Maresme y el Vall\u00e9s Oriental. Nuestra misi\u00f3n es clara: ofrecer promociones inmobiliarias que combinan calidad, confort y excelencia. En Grup Morales, nunca renunciamos a lo [&hellip;]","og_url":"https:\/\/grupmorales.com\/es\/grup-morales\/","og_site_name":"Grup Morales","article_modified_time":"2024-10-02T10:30:22+00:00","twitter_card":"summary_large_image","twitter_misc":{"Tiempo de lectura":"2 minutos"},"schema":{"@context":"https:\/\/schema.org","@graph":[{"@type":"WebPage","@id":"https:\/\/grupmorales.com\/es\/grup-morales\/","url":"https:\/\/grupmorales.com\/es\/grup-morales\/","name":"Grup Morales - Grup Morales","isPartOf":{"@id":"https:\/\/grupmorales.com\/#website"},"datePublished":"2024-09-25T10:39:08+00:00","dateModified":"2024-10-02T10:30:22+00:00","breadcrumb":{"@id":"https:\/\/grupmorales.com\/es\/grup-morales\/#breadcrumb"},"inLanguage":"es","potentialAction":[{"@type":"ReadAction","target":["https:\/\/grupmorales.com\/es\/grup-morales\/"]}]},{"@type":"BreadcrumbList","@id":"https:\/\/grupmorales.com\/es\/grup-morales\/#breadcrumb","itemListElement":[{"@type":"ListItem","position":1,"name":"Inici","item":"https:\/\/grupmorales.com\/es\/"},{"@type":"ListItem","position":2,"name":"Grup Morales"}]},{"@type":"WebSite","@id":"https:\/\/grupmorales.com\/#website","url":"https:\/\/grupmorales.com\/","name":"Grup Morales","description":"Especialistes en transports d&#039;aigua","potentialAction":[{"@type":"SearchAction","target":{"@type":"EntryPoint","urlTemplate":"https:\/\/grupmorales.com\/?s={search_term_string}"},"query-input":{"@type":"PropertyValueSpecification","valueRequired":true,"valueName":"search_term_string"}}],"inLanguage":"es"}]}},"_links":{"self":[{"href":"https:\/\/grupmorales.com\/es\/wp-json\/wp\/v2\/pages\/536"}],"collection":[{"href":"https:\/\/grupmorales.com\/es\/wp-json\/wp\/v2\/pages"}],"about":[{"href":"https:\/\/grupmorales.com\/es\/wp-json\/wp\/v2\/types\/page"}],"author":[{"embeddable":true,"href":"https:\/\/grupmorales.com\/es\/wp-json\/wp\/v2\/users\/1"}],"replies":[{"embeddable":true,"href":"https:\/\/grupmorales.com\/es\/wp-json\/wp\/v2\/comments?post=536"}],"version-history":[{"count":2,"href":"https:\/\/grupmorales.com\/es\/wp-json\/wp\/v2\/pages\/536\/revisions"}],"predecessor-version":[{"id":538,"href":"https:\/\/grupmorales.com\/es\/wp-json\/wp\/v2\/pages\/536\/revisions\/538"}],"wp:attachment":[{"href":"https:\/\/grupmorales.com\/es\/wp-json\/wp\/v2\/media?parent=536"}],"curies":[{"name":"wp","href":"https:\/\/api.w.org\/{rel}","templated":true}]}}