{"id":540,"date":"2024-10-02T10:05:35","date_gmt":"2024-10-02T10:05:35","guid":{"rendered":"https:\/\/grupmorales.com\/2024\/politica-de-privacitat\/"},"modified":"2024-10-25T18:24:07","modified_gmt":"2024-10-25T18:24:07","slug":"politica-de-privacidad","status":"publish","type":"page","link":"https:\/\/grupmorales.com\/es\/politica-de-privacidad\/","title":{"rendered":"Pol\u00edtica de privacidad"},"content":{"rendered":"<div><strong>POL\u00cdTICA DE PRIVACIDAD DE DATOS DE CAR\u00c1CTER PERSONAL\u00a0(SEGUNDA CAPA)<\/strong><\/div>\n<div>\n<p>Grup Morales pone a su disposici\u00f3n la informaci\u00f3n adicional concerniente al tratamiento de sus datos personales, tal y como establece la normativa en la materia: REGLAMENTO (UE) 2016\/679 DEL PARLAMENTO EUROPEO Y DEL CONSEJO de 27 de abril de 2016 (RGPD) y Ley Org\u00e1nica 3\/2018, de 5 de diciembre, de Protecci\u00f3n de Datos Personales y Garant\u00eda de los Derechos Digitales. En este sentido y alineado con la pol\u00edtica de privacidad de Grup Morales basada en el modelo de informaci\u00f3n por capas o niveles, a continuaci\u00f3n, mostramos la informaci\u00f3n adicional (segundo nivel) donde se presenta con detalle la informaci\u00f3n relativa al tratamiento de datos que debe conocer.<\/p>\n<p>&nbsp;<\/p>\n<p><strong>Datos del Responsable:<\/strong><\/p>\n<p>Grup Morales representada por SANOF, S.L. si no se menciona expl\u00edcitamente otra empresa vinculada al Grupo, con domicilio en la calle Fogars de Tordera 63, 08916 Badalona (Barcelona). Tel\u00e9fono 93 464 03 84.<\/p>\n<\/div>\n<div id=\"politica-privacidad\" class=\"container content-wrapper page-type\">\n<div class=\"row\">\n<div class=\"col-sm-12\">\n<div class=\"textos-legales\">\n<p><strong>\u00bfCON QU\u00c9 FINALIDAD TRATA GRUP MORALES SUS DATOS PERSONALES?<\/strong><\/p>\n<p>En Grup Morales tratamos la informaci\u00f3n que nos facilitan las personas interesadas con sus servicios de acuerdo con las siguientes finalidades:<\/p>\n<ol>\n<li>Gestionar su solicitud de contacto.<\/li>\n<li>Gestionar e informar sobre nuestras promociones inmobiliarias, productos y servicios asociados, as\u00ed como de terceros colaboradores.<\/li>\n<li>En el caso que se pongan en contacto para ofertar puestos de trabajo, poder gestionar su solicitud de vacante, mantenerle informado sobre el proceso de selecci\u00f3n de personal y notificarle sobre futuras ofertas de empleo que se produzcan en nuestra organizaci\u00f3n.<\/li>\n<li>Mantener la base de datos de contactos.<\/li>\n<li>Gestionar quejas, reclamaciones, sugerencias y recomendaciones de los clientes que pueden derivar en la prestaci\u00f3n de servicios y trabajos vinculados para solucionarlos.<\/li>\n<li>Asimismo, si lo autoriza podremos remitirle informaci\u00f3n sobre promociones inmobiliarias.<\/li>\n<li>En algunos casos podr\u00e1n llevarse labores de segmentaci\u00f3n. Podr\u00e1n realizarse la segmentaci\u00f3n o elaboraci\u00f3n de perfiles con la finalidad de dirigir la publicidad a remitir. No se toman decisiones automatizadas en base a los perfiles. En ning\u00fan caso la segmentaci\u00f3n o elaboraci\u00f3n de perfiles que realizar\u00e1 Grup Morales tendr\u00e1 efectos jur\u00eddicos o significativos en el interesado.<\/li>\n<\/ol>\n<p><strong>\u00bfPOR CU\u00c1NTO TIEMPO CONSERVAMOS SUS DATOS PERSONALES?<\/strong><\/p>\n<p>Los datos proporcionados se conservar\u00e1n mientras se mantenga la relaci\u00f3n comercial o durante los a\u00f1os necesarios para cumplir con las obligaciones legales.<\/p>\n<p>Asimismo, Grup Morales lleva a cabo peri\u00f3dicamente un an\u00e1lisis de los periodos de conservaci\u00f3n de los datos, eliminando los datos de oficio por considerar que la informaci\u00f3n haya quedado obsoleta o desactualizada.<\/p>\n<p><strong>\u00bfCU\u00c1L ES LA LEGITIMACI\u00d3N PARA EL TRATAMIENTO DE SUS DATOS?<\/strong><\/p>\n<p>La base legal para el tratamiento de sus datos se basa en el consentimiento otorgado al completar cualquiera de los formularios que dispone Grup Morales de sus servicios.<\/p>\n<p><strong>\u00bfA QU\u00c9 DESTINATARIOS SE COMUNICAR\u00c1N SUS DATOS?<\/strong><\/p>\n<p>No se prev\u00e9n cesiones de los datos a terceros, salvo los que establezca la normativa como obligatorios.<\/p>\n<p>Ello no ser\u00e1 \u00f3bice para que determinadas empresas prestadoras de servicios, en este caso ya como encargadas del tratamiento deban de acceder a los datos con el \u00fanico objeto de prestar el servicio contratado, siguiendo las instrucciones de la Empresa y sin que puedan destinarlos para ninguna otra finalidad. Todos los proveedores suscriben compromisos de confidencialidad en el uso de la informaci\u00f3n a la que acceden por su servicio de conformidad con la normativa vigente.<\/p>\n<p><strong>\u00bfCU\u00c1LES SON SUS DERECHOS CUANDO NOS FACILITA SUS DATOS?<\/strong><\/p>\n<p>Cualquier persona tiene el derecho a solicitar el acceso a sus datos personales, su rectificaci\u00f3n o supresi\u00f3n, o la limitaci\u00f3n de su tratamiento, o a oponerse al tratamiento, as\u00ed como el derecho a la portabilidad de los datos. As\u00ed como el derecho a retirar el consentimiento en cualquiera de sus finalidades. Para ello puede dirigir una carta a Grup Morales, a la direcci\u00f3n calle Fogars de Tordera 63, 08916 Badalona (Barcelona) o a trav\u00e9s del correo info@grupmorales indicando el ejercicio que desea ejercer. Deber\u00e1 acreditarse la identidad del solicitante acompa\u00f1ando fotocopia del DNI.<\/p>\n<p>Asimismo, le informamos de que tiene derecho a presentar una reclamaci\u00f3n ante la autoridad de control competente (Agencia Espa\u00f1ola de Protecci\u00f3n de Datos), si considera que se ha producido alg\u00fan tipo de vulneraci\u00f3n en relaci\u00f3n con el tratamiento de sus datos personales.<\/p>\n<p>En el caso que se solicite la limitaci\u00f3n del tratamiento de sus datos \u00fanicamente los conservaremos para el ejercicio o la defensa de reclamaciones y en los casos de oposici\u00f3n dejar\u00e1n de tratarse los datos, salvo por motivos leg\u00edtimos imperiosos, o el ejercicio o la defensa de posibles reclamaciones.<\/p>\n<p>Grup Morales ha adoptado todas las medidas t\u00e9cnicas y de organizaci\u00f3n necesarias para garantizar la seguridad e integridad de los datos de car\u00e1cter personal que trate, as\u00ed como para evitar su p\u00e9rdida, alteraci\u00f3n y\/o acceso por parte de terceros no autorizados.<\/p>\n<p>Grup Morales se reserva el derecho a modificar la presente pol\u00edtica para adaptarla a novedades legislativas o jurisprudenciales, as\u00ed como a pr\u00e1cticas de la industria.<\/p>\n<p><strong>VALORAMOS SU COLABORACI\u00d3N<\/strong><\/p>\n<p>En Grup Morales procuramos controlar, dentro de nuestras posibilidades, el uso correcto de los datos personales de los que somos responsables por parte de terceros a quienes se los hayamos tenido que facilitar. Por tal motivo le solicitamos que, en caso de que tenga conocimiento o sospecha que cualquiera de nuestros proveedores, antes indicados, est\u00e1 haciendo un uso indebido de su informaci\u00f3n personal, nos lo notifique sin dilaci\u00f3n para poder adoptar las acciones pertinentes que proceda llevar a cabo.<\/p>\n<p>Asimismo, para garantizar que los datos que tenemos son correctos y se encuentran actualizados, le rogamos que, si se produce alguna modificaci\u00f3n en sus datos, o si, por cualquier motivo, detecta que tenemos alg\u00fan dato suyo incorrecto, nos lo comunique a la mayor brevedad para proceder a la oportuna subsanaci\u00f3n.<\/p>\n<\/div>\n<\/div>\n<\/div>\n<\/div>\n","protected":false},"excerpt":{"rendered":"<p>POL\u00cdTICA DE PRIVACIDAD DE DATOS DE CAR\u00c1CTER PERSONAL\u00a0(SEGUNDA CAPA) Grup Morales pone a su disposici\u00f3n la informaci\u00f3n adicional concerniente al tratamiento de sus datos personales, tal y como establece la normativa en la materia: REGLAMENTO (UE) 2016\/679 DEL PARLAMENTO EUROPEO Y DEL CONSEJO de 27 de abril de 2016 (RGPD) y Ley Org\u00e1nica 3\/2018, de [&hellip;]<\/p>\n","protected":false},"author":1,"featured_media":0,"parent":0,"menu_order":0,"comment_status":"closed","ping_status":"closed","template":"","meta":{"_acf_changed":false,"footnotes":""},"class_list":["post-540","page","type-page","status-publish","hentry"],"acf":[],"yoast_head":"<!-- This site is optimized with the Yoast SEO plugin v23.7 - https:\/\/yoast.com\/wordpress\/plugins\/seo\/ -->\n<title>Pol\u00edtica de privacidad - Grup Morales<\/title>\n<meta name=\"robots\" content=\"index, follow, max-snippet:-1, max-image-preview:large, max-video-preview:-1\" \/>\n<link rel=\"canonical\" href=\"https:\/\/grupmorales.com\/politica-de-privacitat\/\" \/>\n<meta property=\"og:locale\" content=\"es_ES\" \/>\n<meta property=\"og:type\" content=\"article\" \/>\n<meta property=\"og:title\" content=\"Pol\u00edtica de privacidad - Grup Morales\" \/>\n<meta property=\"og:description\" content=\"POL\u00cdTICA DE PRIVACIDAD DE DATOS DE CAR\u00c1CTER PERSONAL\u00a0(SEGUNDA CAPA) Grup Morales pone a su disposici\u00f3n la informaci\u00f3n adicional concerniente al tratamiento de sus datos personales, tal y como establece la normativa en la materia: REGLAMENTO (UE) 2016\/679 DEL PARLAMENTO EUROPEO Y DEL CONSEJO de 27 de abril de 2016 (RGPD) y Ley Org\u00e1nica 3\/2018, de [&hellip;]\" \/>\n<meta property=\"og:url\" content=\"https:\/\/grupmorales.com\/politica-de-privacitat\/\" \/>\n<meta property=\"og:site_name\" content=\"Grup Morales\" \/>\n<meta property=\"article:modified_time\" content=\"2024-10-25T18:24:07+00:00\" \/>\n<meta name=\"twitter:card\" content=\"summary_large_image\" \/>\n<meta name=\"twitter:label1\" content=\"Tiempo de lectura\" \/>\n\t<meta name=\"twitter:data1\" content=\"6 minutos\" \/>\n<script type=\"application\/ld+json\" class=\"yoast-schema-graph\">{\"@context\":\"https:\/\/schema.org\",\"@graph\":[{\"@type\":\"WebPage\",\"@id\":\"https:\/\/grupmorales.com\/politica-de-privacitat\/\",\"url\":\"https:\/\/grupmorales.com\/politica-de-privacitat\/\",\"name\":\"Pol\u00edtica de privacidad - Grup Morales\",\"isPartOf\":{\"@id\":\"https:\/\/grupmorales.com\/#website\"},\"datePublished\":\"2024-10-02T10:05:35+00:00\",\"dateModified\":\"2024-10-25T18:24:07+00:00\",\"breadcrumb\":{\"@id\":\"https:\/\/grupmorales.com\/politica-de-privacitat\/#breadcrumb\"},\"inLanguage\":\"es\",\"potentialAction\":[{\"@type\":\"ReadAction\",\"target\":[\"https:\/\/grupmorales.com\/politica-de-privacitat\/\"]}]},{\"@type\":\"BreadcrumbList\",\"@id\":\"https:\/\/grupmorales.com\/politica-de-privacitat\/#breadcrumb\",\"itemListElement\":[{\"@type\":\"ListItem\",\"position\":1,\"name\":\"Inici\",\"item\":\"https:\/\/grupmorales.com\/es\/\"},{\"@type\":\"ListItem\",\"position\":2,\"name\":\"Pol\u00edtica de privacidad\"}]},{\"@type\":\"WebSite\",\"@id\":\"https:\/\/grupmorales.com\/#website\",\"url\":\"https:\/\/grupmorales.com\/\",\"name\":\"Grup Morales\",\"description\":\"Especialistes en transports d&#039;aigua\",\"potentialAction\":[{\"@type\":\"SearchAction\",\"target\":{\"@type\":\"EntryPoint\",\"urlTemplate\":\"https:\/\/grupmorales.com\/?s={search_term_string}\"},\"query-input\":{\"@type\":\"PropertyValueSpecification\",\"valueRequired\":true,\"valueName\":\"search_term_string\"}}],\"inLanguage\":\"es\"}]}<\/script>\n<!-- \/ Yoast SEO plugin. -->","yoast_head_json":{"title":"Pol\u00edtica de privacidad - Grup Morales","robots":{"index":"index","follow":"follow","max-snippet":"max-snippet:-1","max-image-preview":"max-image-preview:large","max-video-preview":"max-video-preview:-1"},"canonical":"https:\/\/grupmorales.com\/politica-de-privacitat\/","og_locale":"es_ES","og_type":"article","og_title":"Pol\u00edtica de privacidad - Grup Morales","og_description":"POL\u00cdTICA DE PRIVACIDAD DE DATOS DE CAR\u00c1CTER PERSONAL\u00a0(SEGUNDA CAPA) Grup Morales pone a su disposici\u00f3n la informaci\u00f3n adicional concerniente al tratamiento de sus datos personales, tal y como establece la normativa en la materia: REGLAMENTO (UE) 2016\/679 DEL PARLAMENTO EUROPEO Y DEL CONSEJO de 27 de abril de 2016 (RGPD) y Ley Org\u00e1nica 3\/2018, de [&hellip;]","og_url":"https:\/\/grupmorales.com\/politica-de-privacitat\/","og_site_name":"Grup Morales","article_modified_time":"2024-10-25T18:24:07+00:00","twitter_card":"summary_large_image","twitter_misc":{"Tiempo de lectura":"6 minutos"},"schema":{"@context":"https:\/\/schema.org","@graph":[{"@type":"WebPage","@id":"https:\/\/grupmorales.com\/politica-de-privacitat\/","url":"https:\/\/grupmorales.com\/politica-de-privacitat\/","name":"Pol\u00edtica de privacidad - Grup Morales","isPartOf":{"@id":"https:\/\/grupmorales.com\/#website"},"datePublished":"2024-10-02T10:05:35+00:00","dateModified":"2024-10-25T18:24:07+00:00","breadcrumb":{"@id":"https:\/\/grupmorales.com\/politica-de-privacitat\/#breadcrumb"},"inLanguage":"es","potentialAction":[{"@type":"ReadAction","target":["https:\/\/grupmorales.com\/politica-de-privacitat\/"]}]},{"@type":"BreadcrumbList","@id":"https:\/\/grupmorales.com\/politica-de-privacitat\/#breadcrumb","itemListElement":[{"@type":"ListItem","position":1,"name":"Inici","item":"https:\/\/grupmorales.com\/es\/"},{"@type":"ListItem","position":2,"name":"Pol\u00edtica de privacidad"}]},{"@type":"WebSite","@id":"https:\/\/grupmorales.com\/#website","url":"https:\/\/grupmorales.com\/","name":"Grup Morales","description":"Especialistes en transports d&#039;aigua","potentialAction":[{"@type":"SearchAction","target":{"@type":"EntryPoint","urlTemplate":"https:\/\/grupmorales.com\/?s={search_term_string}"},"query-input":{"@type":"PropertyValueSpecification","valueRequired":true,"valueName":"search_term_string"}}],"inLanguage":"es"}]}},"_links":{"self":[{"href":"https:\/\/grupmorales.com\/es\/wp-json\/wp\/v2\/pages\/540"}],"collection":[{"href":"https:\/\/grupmorales.com\/es\/wp-json\/wp\/v2\/pages"}],"about":[{"href":"https:\/\/grupmorales.com\/es\/wp-json\/wp\/v2\/types\/page"}],"author":[{"embeddable":true,"href":"https:\/\/grupmorales.com\/es\/wp-json\/wp\/v2\/users\/1"}],"replies":[{"embeddable":true,"href":"https:\/\/grupmorales.com\/es\/wp-json\/wp\/v2\/comments?post=540"}],"version-history":[{"count":5,"href":"https:\/\/grupmorales.com\/es\/wp-json\/wp\/v2\/pages\/540\/revisions"}],"predecessor-version":[{"id":859,"href":"https:\/\/grupmorales.com\/es\/wp-json\/wp\/v2\/pages\/540\/revisions\/859"}],"wp:attachment":[{"href":"https:\/\/grupmorales.com\/es\/wp-json\/wp\/v2\/media?parent=540"}],"curies":[{"name":"wp","href":"https:\/\/api.w.org\/{rel}","templated":true}]}}