{"id":543,"date":"2024-09-25T07:01:38","date_gmt":"2024-09-25T07:01:38","guid":{"rendered":"https:\/\/grupmorales.com\/2024\/promocions-realitzades\/"},"modified":"2024-10-11T08:38:42","modified_gmt":"2024-10-11T08:38:42","slug":"promociones-realizadas","status":"publish","type":"page","link":"https:\/\/grupmorales.com\/es\/promociones-realizadas\/","title":{"rendered":"Promociones realizadas"},"content":{"rendered":"<p>En <strong>Grup Morales<\/strong>, cada promoci\u00f3n es una muestra de nuestro compromiso con la excelencia y la satisfacci\u00f3n de nuestros clientes. Con una amplia experiencia en el sector de la construcci\u00f3n, nos dedicamos a crear espacios residenciales modernos, confortables y en ubicaciones privilegiadas, garantizando siempre los m\u00e1s altos est\u00e1ndares de calidad.<\/p>\n<p>Nuestros proyectos, ubicados en zonas destacadas del <strong>Barcelon\u00e9s, el Maresme y el Vall\u00e9s Oriental<\/strong>, son el resultado de la perfecta combinaci\u00f3n entre <strong>profesionalidad, innovaci\u00f3n<\/strong> y un profundo conocimiento del territorio. Cada uno de nuestros edificios refleja nuestro esfuerzo por ofrecer viviendas que se integren arm\u00f3nicamente con el entorno, creando espacios pensados para un estilo de vida actual y c\u00f3modo.<\/p>\n<p>Nuestros clientes ya disfrutan de hogares dise\u00f1ados con esmero, donde la luz, el espacio y el confort son protagonistas. A continuaci\u00f3n, te presentamos algunas de las promociones m\u00e1s destacadas que hemos realizado:<\/p>\n","protected":false},"excerpt":{"rendered":"<p>En Grup Morales, cada promoci\u00f3n es una muestra de nuestro compromiso con la excelencia y la satisfacci\u00f3n de nuestros clientes. Con una amplia experiencia en el sector de la construcci\u00f3n, nos dedicamos a crear espacios residenciales modernos, confortables y en ubicaciones privilegiadas, garantizando siempre los m\u00e1s altos est\u00e1ndares de calidad. Nuestros proyectos, ubicados en zonas [&hellip;]<\/p>\n","protected":false},"author":1,"featured_media":0,"parent":0,"menu_order":0,"comment_status":"closed","ping_status":"closed","template":"page-antigues.php","meta":{"_acf_changed":false,"footnotes":""},"class_list":["post-543","page","type-page","status-publish","hentry"],"acf":[],"yoast_head":"<!-- This site is optimized with the Yoast SEO plugin v23.7 - https:\/\/yoast.com\/wordpress\/plugins\/seo\/ -->\n<title>Promociones realizadas - Grup Morales<\/title>\n<meta name=\"robots\" content=\"index, follow, max-snippet:-1, max-image-preview:large, max-video-preview:-1\" \/>\n<link rel=\"canonical\" href=\"https:\/\/grupmorales.com\/promocions-realitzades\/\" \/>\n<meta property=\"og:locale\" content=\"es_ES\" \/>\n<meta property=\"og:type\" content=\"article\" \/>\n<meta property=\"og:title\" content=\"Promociones realizadas - Grup Morales\" \/>\n<meta property=\"og:description\" content=\"En Grup Morales, cada promoci\u00f3n es una muestra de nuestro compromiso con la excelencia y la satisfacci\u00f3n de nuestros clientes. Con una amplia experiencia en el sector de la construcci\u00f3n, nos dedicamos a crear espacios residenciales modernos, confortables y en ubicaciones privilegiadas, garantizando siempre los m\u00e1s altos est\u00e1ndares de calidad. Nuestros proyectos, ubicados en zonas [&hellip;]\" \/>\n<meta property=\"og:url\" content=\"https:\/\/grupmorales.com\/promocions-realitzades\/\" \/>\n<meta property=\"og:site_name\" content=\"Grup Morales\" \/>\n<meta property=\"article:modified_time\" content=\"2024-10-11T08:38:42+00:00\" \/>\n<meta name=\"twitter:card\" content=\"summary_large_image\" \/>\n<meta name=\"twitter:label1\" content=\"Tiempo de lectura\" \/>\n\t<meta name=\"twitter:data1\" content=\"1 minuto\" \/>\n<script type=\"application\/ld+json\" class=\"yoast-schema-graph\">{\"@context\":\"https:\/\/schema.org\",\"@graph\":[{\"@type\":\"WebPage\",\"@id\":\"https:\/\/grupmorales.com\/promocions-realitzades\/\",\"url\":\"https:\/\/grupmorales.com\/promocions-realitzades\/\",\"name\":\"Promociones realizadas - Grup Morales\",\"isPartOf\":{\"@id\":\"https:\/\/grupmorales.com\/#website\"},\"datePublished\":\"2024-09-25T07:01:38+00:00\",\"dateModified\":\"2024-10-11T08:38:42+00:00\",\"breadcrumb\":{\"@id\":\"https:\/\/grupmorales.com\/promocions-realitzades\/#breadcrumb\"},\"inLanguage\":\"es\",\"potentialAction\":[{\"@type\":\"ReadAction\",\"target\":[\"https:\/\/grupmorales.com\/promocions-realitzades\/\"]}]},{\"@type\":\"BreadcrumbList\",\"@id\":\"https:\/\/grupmorales.com\/promocions-realitzades\/#breadcrumb\",\"itemListElement\":[{\"@type\":\"ListItem\",\"position\":1,\"name\":\"Inici\",\"item\":\"https:\/\/grupmorales.com\/es\/\"},{\"@type\":\"ListItem\",\"position\":2,\"name\":\"Promociones realizadas\"}]},{\"@type\":\"WebSite\",\"@id\":\"https:\/\/grupmorales.com\/#website\",\"url\":\"https:\/\/grupmorales.com\/\",\"name\":\"Grup Morales\",\"description\":\"Especialistes en transports d&#039;aigua\",\"potentialAction\":[{\"@type\":\"SearchAction\",\"target\":{\"@type\":\"EntryPoint\",\"urlTemplate\":\"https:\/\/grupmorales.com\/?s={search_term_string}\"},\"query-input\":{\"@type\":\"PropertyValueSpecification\",\"valueRequired\":true,\"valueName\":\"search_term_string\"}}],\"inLanguage\":\"es\"}]}<\/script>\n<!-- \/ Yoast SEO plugin. -->","yoast_head_json":{"title":"Promociones realizadas - Grup Morales","robots":{"index":"index","follow":"follow","max-snippet":"max-snippet:-1","max-image-preview":"max-image-preview:large","max-video-preview":"max-video-preview:-1"},"canonical":"https:\/\/grupmorales.com\/promocions-realitzades\/","og_locale":"es_ES","og_type":"article","og_title":"Promociones realizadas - Grup Morales","og_description":"En Grup Morales, cada promoci\u00f3n es una muestra de nuestro compromiso con la excelencia y la satisfacci\u00f3n de nuestros clientes. Con una amplia experiencia en el sector de la construcci\u00f3n, nos dedicamos a crear espacios residenciales modernos, confortables y en ubicaciones privilegiadas, garantizando siempre los m\u00e1s altos est\u00e1ndares de calidad. Nuestros proyectos, ubicados en zonas [&hellip;]","og_url":"https:\/\/grupmorales.com\/promocions-realitzades\/","og_site_name":"Grup Morales","article_modified_time":"2024-10-11T08:38:42+00:00","twitter_card":"summary_large_image","twitter_misc":{"Tiempo de lectura":"1 minuto"},"schema":{"@context":"https:\/\/schema.org","@graph":[{"@type":"WebPage","@id":"https:\/\/grupmorales.com\/promocions-realitzades\/","url":"https:\/\/grupmorales.com\/promocions-realitzades\/","name":"Promociones realizadas - Grup Morales","isPartOf":{"@id":"https:\/\/grupmorales.com\/#website"},"datePublished":"2024-09-25T07:01:38+00:00","dateModified":"2024-10-11T08:38:42+00:00","breadcrumb":{"@id":"https:\/\/grupmorales.com\/promocions-realitzades\/#breadcrumb"},"inLanguage":"es","potentialAction":[{"@type":"ReadAction","target":["https:\/\/grupmorales.com\/promocions-realitzades\/"]}]},{"@type":"BreadcrumbList","@id":"https:\/\/grupmorales.com\/promocions-realitzades\/#breadcrumb","itemListElement":[{"@type":"ListItem","position":1,"name":"Inici","item":"https:\/\/grupmorales.com\/es\/"},{"@type":"ListItem","position":2,"name":"Promociones realizadas"}]},{"@type":"WebSite","@id":"https:\/\/grupmorales.com\/#website","url":"https:\/\/grupmorales.com\/","name":"Grup Morales","description":"Especialistes en transports d&#039;aigua","potentialAction":[{"@type":"SearchAction","target":{"@type":"EntryPoint","urlTemplate":"https:\/\/grupmorales.com\/?s={search_term_string}"},"query-input":{"@type":"PropertyValueSpecification","valueRequired":true,"valueName":"search_term_string"}}],"inLanguage":"es"}]}},"_links":{"self":[{"href":"https:\/\/grupmorales.com\/es\/wp-json\/wp\/v2\/pages\/543"}],"collection":[{"href":"https:\/\/grupmorales.com\/es\/wp-json\/wp\/v2\/pages"}],"about":[{"href":"https:\/\/grupmorales.com\/es\/wp-json\/wp\/v2\/types\/page"}],"author":[{"embeddable":true,"href":"https:\/\/grupmorales.com\/es\/wp-json\/wp\/v2\/users\/1"}],"replies":[{"embeddable":true,"href":"https:\/\/grupmorales.com\/es\/wp-json\/wp\/v2\/comments?post=543"}],"version-history":[{"count":5,"href":"https:\/\/grupmorales.com\/es\/wp-json\/wp\/v2\/pages\/543\/revisions"}],"predecessor-version":[{"id":760,"href":"https:\/\/grupmorales.com\/es\/wp-json\/wp\/v2\/pages\/543\/revisions\/760"}],"wp:attachment":[{"href":"https:\/\/grupmorales.com\/es\/wp-json\/wp\/v2\/media?parent=543"}],"curies":[{"name":"wp","href":"https:\/\/api.w.org\/{rel}","templated":true}]}}