{"id":548,"date":"2024-01-22T10:19:01","date_gmt":"2024-01-22T10:19:01","guid":{"rendered":"https:\/\/grupmorales.com\/2024\/avis-legal\/"},"modified":"2024-10-25T17:27:38","modified_gmt":"2024-10-25T17:27:38","slug":"aviso-legal","status":"publish","type":"page","link":"https:\/\/grupmorales.com\/es\/aviso-legal\/","title":{"rendered":"Aviso legal"},"content":{"rendered":"<p><strong>SANOF, S.L.<\/strong> es una sociedad inscrita en el Registro Mercantil de Barcelona, tomo 10.494, libro 9.506, secci\u00f3n 2\u00aa, folio 103, hoja 124.440, con CIF B-58985979. Esta empresa es propietaria del nombre de dominio grupmorales.com<\/p>\n<p>Direcci\u00f3n:<br \/>\nFogars de Tordera, 63<br \/>\n08916 Badalona (Barcelona)<br \/>\nTel\u00e9fono: 93 464 03 84<br \/>\ne-mail:\u00a0<a href=\"https:\/\/web.archive.org\/web\/20160331174556\/mailto:info@grupmorales.com\">info@grupmorales.com<\/a><\/p>\n<h2>CONDICIONES GENERALES DE USO<\/h2>\n<ul>\n<li>El usuario accede voluntariamente a esta p\u00e1gina web, la cual cosa implica que la utilizar\u00e1 de acuerdo con este aviso legal, la ley, la moral, la buena fe y\/o las buenas costumbres.<\/li>\n<\/ul>\n<ul>\n<li>La utilizaci\u00f3n de esta p\u00e1gina web supone la aceptaci\u00f3n de este aviso legal.<\/li>\n<\/ul>\n<ul>\n<li>Las p\u00e1ginas web de este sitio web pueden ser visitadas libremente por los usuarios.<\/li>\n<\/ul>\n<ul>\n<li><strong>\u00a0SANOF, S.L.<\/strong> se reserva el derecho a modificar sin previo aviso el contenido de este aviso legal as\u00ed como el derecho a alterar la forma de acceso a la su p\u00e1gina web sin previo aviso; por tanto, y para una correcta utilizaci\u00f3n del sitio web, le recomendamos que visite peri\u00f3dicamente esta secci\u00f3n.<\/li>\n<\/ul>\n<ul>\n<li><strong>\u00a0SANOF, S.L.<\/strong> mantiene esta p\u00e1gina web con el objetivo de facilitar el acceso a una informaci\u00f3n de inter\u00e9s para los usuarios y usuarias, actualizada y exacta. Por este motivo, pedimos la colaboraci\u00f3n de los usuarios de nuestra p\u00e1gina, que pueden hacernos llegar sus aportaciones y sugerencias a trav\u00e9s de la direcci\u00f3n <a href=\"https:\/\/web.archive.org\/web\/20160331174556\/mailto:info@grupmorales.com\">info@grupmorales.com<\/a><\/li>\n<\/ul>\n<h2>PROPIEDAD INTELECTUAL E INDUSTRIAL<\/h2>\n<p>\u00a9 2015,\u00a0<strong>\u00a0SANOF, S.L.<\/strong>, grupmorales.com, Todos los derechos reservados.<\/p>\n<ul>\n<li>Esta p\u00e1gina web y sus contenidos incluidos: art\u00edculos, textos, im\u00e1genes, logotipos, marcas, otros elementos de la imagen corporativa, etc. est\u00e1n protegidos por la legislaci\u00f3n vigente en propiedad industrial e intelectual y son propiedad de <strong>SANOF, S.L.<\/strong> o de terceros que han autorizado su uso a <strong>\u00a0SANOF, S.L.<\/strong>, quedando expresamente prohibida su explotaci\u00f3n sin la autorizaci\u00f3n expresa de <strong>SANOF, S.L.<\/strong>, que tendr\u00e1 que de ser solicitada y concedida por escrito. Se autoriza la reproducci\u00f3n de los contenidos textuales o gr\u00e1ficos, excepto con finalidades comerciales, y siempre que se cite la fuente.<\/li>\n<\/ul>\n<ul>\n<li>El acceso a este sitio web no supone, en ning\u00fan caso, la adquisici\u00f3n por parte de los usuarios de ning\u00fan derecho de propiedad sobre los contenidos que figuran.<\/li>\n<\/ul>\n<ul>\n<li><strong>\u00a0SANOF, S.L.<\/strong> se reserva el derecho a modificar, actualizar o suprimir cualquiera de los contenidos de este sitio web, en cualquier momento y sin previo aviso.<\/li>\n<\/ul>\n<h2>LIMITACI\u00d3N DE LA RESPONSABILIDAD<\/h2>\n<ul>\n<li><strong>\u00a0SANOF, S.L.<\/strong> se reserva el derecho a interrumpir el acceso a su sitio web, as\u00ed como la prestaci\u00f3n de cualquier servicio a trav\u00e9s del mismo en cualquier momento y sin previo aviso, sea por motivos t\u00e9cnicos, de seguridad, de mantenimiento o por cualquier otra causa.<\/li>\n<\/ul>\n<ul>\n<li><strong>\u00a0SANOF, S.L.<\/strong> no ser\u00e1 responsable en caso de que se tenga que interrumpir el servicio, retardo o mal funcionamiento y otros inconvenientes que tengan su origen en causas que se escapen del control de<strong>\u00a0SANOF, S.L.<\/strong> y\/o sean debidas a una actuaci\u00f3n dolosa o culpable del usuario y\/o tengan su origen por causas de fuerza mayor.<\/li>\n<\/ul>\n<ul>\n<li>La informaci\u00f3n contenida en este sitio web puede no ser correcta, a pesar de los esfuerzos llevados a cabo para conseguir la exactitud y la actualizaci\u00f3n. En consecuencia, <strong>\u00a0SANOF, S.L.\u00a0<\/strong>no se responsabiliza de los errores contenidos, ni de los da\u00f1os o perjuicios derivados de su utilizaci\u00f3n.<\/li>\n<\/ul>\n<ul>\n<li>Este sitio web puede contener enlaces a otros sitios webs del contenido, la utilidad o la exactitud de los cuales no se puede responsabilizar <strong>\u00a0SANOF, S.L..<\/strong> La incorporaci\u00f3n de un enlace en este sitio web no puede considerarse una recomendaci\u00f3n a los usuarios para que lo utilicen; la decisi\u00f3n de utilizarlo es responsabilidad de estos \u00faltimos.<\/li>\n<\/ul>\n<ul>\n<li><strong>\u00a0SANOF, S.L.<\/strong> no se hace responsable de los da\u00f1os y los perjuicios derivados del uso de este sitio web o de sus contenidos, y no garantiza la ausencia\u00a0 de virus o la imposibilidad de causar da\u00f1os en los sistemas inform\u00e1ticos del usuario.<\/li>\n<li><strong>\u00a0SANOF, S.L.<\/strong> no se responsabiliza del mal uso que se pueda hacer de este sitio web.<\/li>\n<\/ul>\n<h2>LEGISLACI\u00d3N APLICABLE Y TRIBUNALES COMPETENTES<\/h2>\n<ul>\n<li>Las condiciones de este sitio web y las relaciones entre el usuario y <strong>\u00a0SANOF, S.L. <\/strong>se regir\u00e1n por la legislaci\u00f3n espa\u00f1ola.<\/li>\n<\/ul>\n<ul>\n<li>Para conocer cualquier discrepancia que pueda surgir entre el usuario y <strong>SANOF, S.L.<\/strong> ambas partes se someten a los Jueces y Tribunales de Badalona, Espa\u00f1a.<\/li>\n<\/ul>\n","protected":false},"excerpt":{"rendered":"<p>SANOF, S.L. es una sociedad inscrita en el Registro Mercantil de Barcelona, tomo 10.494, libro 9.506, secci\u00f3n 2\u00aa, folio 103, hoja 124.440, con CIF B-58985979. Esta empresa es propietaria del nombre de dominio grupmorales.com Direcci\u00f3n: Fogars de Tordera, 63 08916 Badalona (Barcelona) Tel\u00e9fono: 93 464 03 84 e-mail:\u00a0info@grupmorales.com CONDICIONES GENERALES DE USO El usuario accede [&hellip;]<\/p>\n","protected":false},"author":1,"featured_media":0,"parent":0,"menu_order":0,"comment_status":"closed","ping_status":"closed","template":"","meta":{"_acf_changed":false,"footnotes":""},"class_list":["post-548","page","type-page","status-publish","hentry"],"acf":[],"yoast_head":"<!-- This site is optimized with the Yoast SEO plugin v23.7 - https:\/\/yoast.com\/wordpress\/plugins\/seo\/ -->\n<title>Aviso legal - Grup Morales<\/title>\n<meta name=\"robots\" content=\"index, follow, max-snippet:-1, max-image-preview:large, max-video-preview:-1\" \/>\n<link rel=\"canonical\" href=\"https:\/\/grupmorales.com\/avis-legal\/\" \/>\n<meta property=\"og:locale\" content=\"es_ES\" \/>\n<meta property=\"og:type\" content=\"article\" \/>\n<meta property=\"og:title\" content=\"Aviso legal - Grup Morales\" \/>\n<meta property=\"og:description\" content=\"SANOF, S.L. es una sociedad inscrita en el Registro Mercantil de Barcelona, tomo 10.494, libro 9.506, secci\u00f3n 2\u00aa, folio 103, hoja 124.440, con CIF B-58985979. Esta empresa es propietaria del nombre de dominio grupmorales.com Direcci\u00f3n: Fogars de Tordera, 63 08916 Badalona (Barcelona) Tel\u00e9fono: 93 464 03 84 e-mail:\u00a0info@grupmorales.com CONDICIONES GENERALES DE USO El usuario accede [&hellip;]\" \/>\n<meta property=\"og:url\" content=\"https:\/\/grupmorales.com\/avis-legal\/\" \/>\n<meta property=\"og:site_name\" content=\"Grup Morales\" \/>\n<meta property=\"article:modified_time\" content=\"2024-10-25T17:27:38+00:00\" \/>\n<meta name=\"twitter:card\" content=\"summary_large_image\" \/>\n<meta name=\"twitter:label1\" content=\"Tiempo de lectura\" \/>\n\t<meta name=\"twitter:data1\" content=\"4 minutos\" \/>\n<script type=\"application\/ld+json\" class=\"yoast-schema-graph\">{\"@context\":\"https:\/\/schema.org\",\"@graph\":[{\"@type\":\"WebPage\",\"@id\":\"https:\/\/grupmorales.com\/avis-legal\/\",\"url\":\"https:\/\/grupmorales.com\/avis-legal\/\",\"name\":\"Aviso legal - Grup Morales\",\"isPartOf\":{\"@id\":\"https:\/\/grupmorales.com\/#website\"},\"datePublished\":\"2024-01-22T10:19:01+00:00\",\"dateModified\":\"2024-10-25T17:27:38+00:00\",\"breadcrumb\":{\"@id\":\"https:\/\/grupmorales.com\/avis-legal\/#breadcrumb\"},\"inLanguage\":\"es\",\"potentialAction\":[{\"@type\":\"ReadAction\",\"target\":[\"https:\/\/grupmorales.com\/avis-legal\/\"]}]},{\"@type\":\"BreadcrumbList\",\"@id\":\"https:\/\/grupmorales.com\/avis-legal\/#breadcrumb\",\"itemListElement\":[{\"@type\":\"ListItem\",\"position\":1,\"name\":\"Inici\",\"item\":\"https:\/\/grupmorales.com\/es\/\"},{\"@type\":\"ListItem\",\"position\":2,\"name\":\"Aviso legal\"}]},{\"@type\":\"WebSite\",\"@id\":\"https:\/\/grupmorales.com\/#website\",\"url\":\"https:\/\/grupmorales.com\/\",\"name\":\"Grup Morales\",\"description\":\"Especialistes en transports d&#039;aigua\",\"potentialAction\":[{\"@type\":\"SearchAction\",\"target\":{\"@type\":\"EntryPoint\",\"urlTemplate\":\"https:\/\/grupmorales.com\/?s={search_term_string}\"},\"query-input\":{\"@type\":\"PropertyValueSpecification\",\"valueRequired\":true,\"valueName\":\"search_term_string\"}}],\"inLanguage\":\"es\"}]}<\/script>\n<!-- \/ Yoast SEO plugin. -->","yoast_head_json":{"title":"Aviso legal - Grup Morales","robots":{"index":"index","follow":"follow","max-snippet":"max-snippet:-1","max-image-preview":"max-image-preview:large","max-video-preview":"max-video-preview:-1"},"canonical":"https:\/\/grupmorales.com\/avis-legal\/","og_locale":"es_ES","og_type":"article","og_title":"Aviso legal - Grup Morales","og_description":"SANOF, S.L. es una sociedad inscrita en el Registro Mercantil de Barcelona, tomo 10.494, libro 9.506, secci\u00f3n 2\u00aa, folio 103, hoja 124.440, con CIF B-58985979. Esta empresa es propietaria del nombre de dominio grupmorales.com Direcci\u00f3n: Fogars de Tordera, 63 08916 Badalona (Barcelona) Tel\u00e9fono: 93 464 03 84 e-mail:\u00a0info@grupmorales.com CONDICIONES GENERALES DE USO El usuario accede [&hellip;]","og_url":"https:\/\/grupmorales.com\/avis-legal\/","og_site_name":"Grup Morales","article_modified_time":"2024-10-25T17:27:38+00:00","twitter_card":"summary_large_image","twitter_misc":{"Tiempo de lectura":"4 minutos"},"schema":{"@context":"https:\/\/schema.org","@graph":[{"@type":"WebPage","@id":"https:\/\/grupmorales.com\/avis-legal\/","url":"https:\/\/grupmorales.com\/avis-legal\/","name":"Aviso legal - Grup Morales","isPartOf":{"@id":"https:\/\/grupmorales.com\/#website"},"datePublished":"2024-01-22T10:19:01+00:00","dateModified":"2024-10-25T17:27:38+00:00","breadcrumb":{"@id":"https:\/\/grupmorales.com\/avis-legal\/#breadcrumb"},"inLanguage":"es","potentialAction":[{"@type":"ReadAction","target":["https:\/\/grupmorales.com\/avis-legal\/"]}]},{"@type":"BreadcrumbList","@id":"https:\/\/grupmorales.com\/avis-legal\/#breadcrumb","itemListElement":[{"@type":"ListItem","position":1,"name":"Inici","item":"https:\/\/grupmorales.com\/es\/"},{"@type":"ListItem","position":2,"name":"Aviso legal"}]},{"@type":"WebSite","@id":"https:\/\/grupmorales.com\/#website","url":"https:\/\/grupmorales.com\/","name":"Grup Morales","description":"Especialistes en transports d&#039;aigua","potentialAction":[{"@type":"SearchAction","target":{"@type":"EntryPoint","urlTemplate":"https:\/\/grupmorales.com\/?s={search_term_string}"},"query-input":{"@type":"PropertyValueSpecification","valueRequired":true,"valueName":"search_term_string"}}],"inLanguage":"es"}]}},"_links":{"self":[{"href":"https:\/\/grupmorales.com\/es\/wp-json\/wp\/v2\/pages\/548"}],"collection":[{"href":"https:\/\/grupmorales.com\/es\/wp-json\/wp\/v2\/pages"}],"about":[{"href":"https:\/\/grupmorales.com\/es\/wp-json\/wp\/v2\/types\/page"}],"author":[{"embeddable":true,"href":"https:\/\/grupmorales.com\/es\/wp-json\/wp\/v2\/users\/1"}],"replies":[{"embeddable":true,"href":"https:\/\/grupmorales.com\/es\/wp-json\/wp\/v2\/comments?post=548"}],"version-history":[{"count":9,"href":"https:\/\/grupmorales.com\/es\/wp-json\/wp\/v2\/pages\/548\/revisions"}],"predecessor-version":[{"id":851,"href":"https:\/\/grupmorales.com\/es\/wp-json\/wp\/v2\/pages\/548\/revisions\/851"}],"wp:attachment":[{"href":"https:\/\/grupmorales.com\/es\/wp-json\/wp\/v2\/media?parent=548"}],"curies":[{"name":"wp","href":"https:\/\/api.w.org\/{rel}","templated":true}]}}